{"id":765,"date":"2015-05-22T10:56:29","date_gmt":"2015-05-22T08:56:29","guid":{"rendered":"https:\/\/www.ume-mg.de\/?page_id=765"},"modified":"2015-05-26T17:25:01","modified_gmt":"2015-05-26T15:25:01","slug":"info-fuer-eltern","status":"publish","type":"page","link":"https:\/\/www.ume-mg.de\/?page_id=765","title":{"rendered":"Info f\u00fcr Eltern"},"content":{"rendered":"\n<table id=\"tablepress-8\" class=\"tablepress tablepress-id-8\">\n<tbody class=\"row-striping row-hover\">\n<tr class=\"row-1\">\n\t<td class=\"column-1\"><a href=\"http:\/\/www.ume-mg.de\/?page_id=731\">Info f\u00fcr Schulen<\/a><\/td><td class=\"column-2\"><a href=\"http:\/\/www.ume-mg.de\/?page_id=719\">Info f\u00fcr Unternehmen<\/a><\/td><td class=\"column-3\"><a href=\"http:\/\/www.ume-mg.de\/?page_id=765\">Info f\u00fcr Eltern<\/a><\/td><td class=\"column-4\"><a href=\"http:\/\/www.ume-mg.de\/?page_id=770\">Downloads<\/a><\/td><td class=\"column-5\"><a href=\"http:\/\/www.ume-mg.de\/?page_id=1092\">Teilnehmende Unternehmen 2017<\/a><\/td>\n<\/tr>\n<\/tbody>\n<\/table>\n<!-- #tablepress-8 from cache -->\n<p><strong>Liebe Eltern,<\/strong><\/p>\n<p>es ist sehr schwierig bei den 350 Ausbildungsberufen und 500 schulischen Ausbildungen das richtige Praktikum oder den interessanten Ausbildungsplatz zu finden.<\/p>\n<p>Damit Ihr Kind ausprobieren kann, f\u00fcr welchen Beruf es sich am meisten interessiert, haben wir Unternehmen aus der Region zu einem Parcours eingeladen.<\/p>\n<p>Die Unternehmen bringen praktische typische \u00dcbungen mit, die Ihr Kind selbst ausprobieren kann. Die \u00dcbungen dauern pro Beruf etwa 10 Minuten.<\/p>\n<p>Falls Ihrem Kind ein Beruf und die Firma besonders gefallen, dann kann es direkt bei der Firma nachfragen, ob es sich wegen eines Praktikums oder eines Ausbildungsplatzes bewerben kann.<\/p>\n<p>Damit die Chancen Ihres Kindes bei den Unternehmen steigen, sind einige Regeln zu beachten.<\/p>\n<p>Bitte sprechen Sie mit Ihrem Kind dar\u00fcber, dass es seine Chancen nutzen und einen guten Eindruck hinterlassen soll.<\/p>\n<p>Deshalb sollte seine Kleidung sauber und korrekt sein. Die M\u00fctze, das Handy und die Kopfh\u00f6rer sowie der Kaugummi und auch tiefe Ausschnitte bei T-Shirts sind an diesem Tag unerw\u00fcnscht. Ebenso sind dicke Jacken und die Taschen abzugeben und der Schal muss aus Sicherheitsgr\u00fcnden abgenommen werden.<\/p>\n<p>Vielen Dank f\u00fcr Ihre Unterst\u00fctzung!<\/p>\n<p><strong>Karin Ressel und Team<br \/>\nTechnikzentrum\u00a0Minden\u00a0&#8211;\u00a0L\u00fcbbecke\u00a0e.V.<\/strong><\/p>\n","protected":false},"excerpt":{"rendered":"<p>Liebe Eltern, es ist sehr schwierig bei den 350 Ausbildungsberufen und 500 schulischen Ausbildungen das richtige Praktikum oder den interessanten Ausbildungsplatz zu finden. Damit Ihr Kind ausprobieren kann, f\u00fcr welchen Beruf es sich am meisten interessiert, haben wir Unternehmen aus &hellip; <a href=\"https:\/\/www.ume-mg.de\/?page_id=765\">Weiterlesen <span class=\"meta-nav\">&rarr;<\/span><\/a><\/p>\n","protected":false},"author":1,"featured_media":0,"parent":0,"menu_order":0,"comment_status":"closed","ping_status":"open","template":"","meta":{"footnotes":""},"class_list":["post-765","page","type-page","status-publish","hentry"],"_links":{"self":[{"href":"https:\/\/www.ume-mg.de\/index.php?rest_route=\/wp\/v2\/pages\/765","targetHints":{"allow":["GET"]}}],"collection":[{"href":"https:\/\/www.ume-mg.de\/index.php?rest_route=\/wp\/v2\/pages"}],"about":[{"href":"https:\/\/www.ume-mg.de\/index.php?rest_route=\/wp\/v2\/types\/page"}],"author":[{"embeddable":true,"href":"https:\/\/www.ume-mg.de\/index.php?rest_route=\/wp\/v2\/users\/1"}],"replies":[{"embeddable":true,"href":"https:\/\/www.ume-mg.de\/index.php?rest_route=%2Fwp%2Fv2%2Fcomments&post=765"}],"version-history":[{"count":4,"href":"https:\/\/www.ume-mg.de\/index.php?rest_route=\/wp\/v2\/pages\/765\/revisions"}],"predecessor-version":[{"id":833,"href":"https:\/\/www.ume-mg.de\/index.php?rest_route=\/wp\/v2\/pages\/765\/revisions\/833"}],"wp:attachment":[{"href":"https:\/\/www.ume-mg.de\/index.php?rest_route=%2Fwp%2Fv2%2Fmedia&parent=765"}],"curies":[{"name":"wp","href":"https:\/\/api.w.org\/{rel}","templated":true}]}}