{"id":744,"date":"2015-05-22T09:18:37","date_gmt":"2015-05-22T07:18:37","guid":{"rendered":"https:\/\/www.ume-mg.de\/?page_id=744"},"modified":"2022-11-16T11:23:06","modified_gmt":"2022-11-16T09:23:06","slug":"infotruck","status":"publish","type":"page","link":"https:\/\/www.ume-mg.de\/?page_id=744","title":{"rendered":"M+E-Info Truck"},"content":{"rendered":"\n<figure class=\"wp-block-video\"><video height=\"576\" style=\"aspect-ratio: 720 \/ 576;\" width=\"720\" controls src=\"https:\/\/www.ume-mg.de\/wp-content\/uploads\/2022\/11\/Info-Truck.mp4\"><\/video><\/figure>\n\n\n<p>*************************************************************************************************<\/p>\n<h2><strong>Seit mehr als 25 Jahren mobile Berufsinformation<\/strong><\/h2>\n<p style=\"text-align: justify;\">Um die Attraktivit\u00e4t ihrer Ausbildung und ihrer Berufe hervorzuheben, setzt METALL NRW seit mehr als 25 Jahren auf mobile Berufsinformation. Zentrales Medium sind die \u201eInfoMobile der M+E-Industrie\u201c: Insgesamt neun Informationsbusse sind seit 1988 bundesweit \u2013 zwei davon in Nordrhein-Westfalen \u2013 unterwegs und informieren Sch\u00fcler, Lehrer und Eltern sowie die interessierte \u00d6ffentlichkeit \u00fcber die Berufe und Besch\u00e4ftigungsm\u00f6glichkeiten in der M+E-Industrie. An vielen Haupt-, Real- und Gesamtschulen sind sie schon lange selbstverst\u00e4ndlicher Bestandteil des Berufskundeunterrichts. Rund 1,25 Millionen Besucher waren bislang allein in Nordrhein-Westfalen zu Gast an Bord der 18 Meter langen Informationsbusse. Deutschlandweit haben sich gut f\u00fcnf Millionen Jugendliche in den Fahrzeugen \u00fcber die Berufschancen in der M+E-Industrie informiert. Zum Einsatz kamen die InfoMobile vor allem an Schulen (75 Prozent) oder auf Veranstaltungen, wie Berufsmessen oder Tagen der offenen T\u00fcr \u2013 verteilt auf 10.400 Einsatztage zwischen Minden und Aachen, Rheine und Siegen. Insgesamt haben die Fahrzeuge auf den Stra\u00dfen in NRW zusammen \u00fcber eine halbe Millionen Kilometer zur\u00fcckgelegt.<\/p>\n<h2><strong>M+E-InfoTrucks setzen neue Ma\u00dfst\u00e4be in der Berufsinformation<\/strong><\/h2>\n<p style=\"text-align: justify;\">Von 2014 bis 2016 wurden bundesweit die bisherigen InfoMobile (Baujahr 1995\/96) durch zehn hochmoderne M+E-Info Trucks ersetzt. Zwei davon werden in Nordrhein-Westfalen eingesetzt werden. In die Erneuerung der Fahrzeugflotte investieren die Arbeitgeberverb\u00e4nde der M+E-Industrie insgesamt 12,3 Millionen Euro. Mit den zweigeschossigen Fahrzeugen und einem neuen Konzept der Berufsinformations-Kampagne setzen sie ihr gro\u00dfes Engagement zur Sicherung des Fachkr\u00e4ftenachwuchses fort. Bei der Entwicklung des neuen Fahrzeugs und des Einsatzkonzeptes haben Experten aus den Bereichen Fahrzeugbau, IT- und Medientechnik sowie P\u00e4dagogen und Ausbildungsleiter von Beginn an mitgearbeitet.<\/p>\n<h2><strong>Technische Arbeitspl\u00e4tze aktiv erleben <\/strong><\/h2>\n<p style=\"text-align: justify;\">Auf der \u00fcber 80 m\u00b2 gro\u00dfen Pr\u00e4sentationsfl\u00e4che des zweigeschossigen Trucks setzen neueste Multimedia-Anwendungen und anschauliche Experimentier-stationen Ma\u00dfst\u00e4be f\u00fcr moderne Berufsinformation. Jugendliche lernen an M+E-typischen Arbeitspl\u00e4tzen technische Zusammenh\u00e4nge kennen und erleben die Faszination Technik praxisnah und intuitiv. So k\u00f6nnen sie unter Anleitung eine computergesteuerte CNC-Fr\u00e4smaschine programmieren und ein Werkst\u00fcck selbst fertigen. Ein Aufzugmodell demonstriert anschaulich, warum eine intelligente IT-Steuerung die Wartezeit f\u00fcr die Nutzer deutlich reduziert. Sie wollen ein Deckenlicht unabh\u00e4ngig von zwei Stellen aus ein- oder ausschalten? Die \u201eElectricity Bench\u201c zeigt wie es geht. Begleitet werden die Exponate durch interaktive Aufgabenstellungen und Hintergrundinfos auf Tablets.<\/p>\n<h2><strong>Zielgruppengerechte Multimedia-Technik <\/strong><\/h2>\n<p style=\"text-align: justify;\">Der \u201eBerufeScout\u201c auf dem mannshohen Touch-Monitor erkl\u00e4rt wichtige Inhalte zu den M+E-Berufen und zeigt das Ausbildungsangebot sowie freie Lehrstellen von Unternehmen in der Region. Die zweite Fahrzeugebene bietet Raum f\u00fcr tiefergehenden Berufskundeunterricht. Eine eigens f\u00fcr die InfoTrucks entwickelte multimediale Weltneuheit ist die Antwort auf das sich ver\u00e4ndernde Informations- und Mediennutzungsverhalten der Sch\u00fcler\/innen: Auf einem 1,5 Quadratmeter gro\u00dfen Multitouchtable l\u00e4uft eine animierte 3D-Softwareanwendung und l\u00e4dt bis zu sechs Besucher gleichzeitig auf eine interaktive Erkundungsreise durch ein virtuelles M+E-Unternehmen ein. Sch\u00fclerinnen und Sch\u00fcler lernen hier spielerisch und intuitiv Arbeitspl\u00e4tze und Berufe aus der M+E-Industrie kennen. Sie k\u00f6nnen am Produktionsprozess eines Autos mitwirken und typische Aufgabenstellungen erledigen.<\/p>\n<p style=\"text-align: justify;\">Ein erfahrenes zweik\u00f6pfiges p\u00e4dagogisches Beraterteam begleitet die Schulklassen w\u00e4hrend ihres Besuchs im InfoTruck. Sie werden dabei h\u00e4ufig unterst\u00fctzt von Ausbildern und Auszubildenden aus den Betrieben der Region, die praxisnah aus ihrem Arbeitsalltag berichten. Nicht selten entstehen dabei konkrete Kontakte zwischen den Jugendlichen und den Unternehmen.<\/p>\n<h2><strong>Ver\u00e4ndertes Einsatzkonzept erm\u00f6glicht Unterrichtseinheiten f\u00fcr ganze Klassen<\/strong><\/h2>\n<p style=\"text-align: justify;\">Das gemeinsam mit P\u00e4dagogen und Experten entwickelte Einsatzkonzept erf\u00fcllt alle Erwartungen der Schulen an moderne Berufsinformation. So bietet der neue M+E-InfoTruck nun Platz f\u00fcr eine ganze Klasse und erm\u00f6glicht es den Lehrkr\u00e4ften, die Klasse bei ihrem Besuch zu begleiten. Mit den zwei Etagen hat das Beraterteam zudem die M\u00f6glichkeit, die handlungsorientierten und theoretischen Inhalte st\u00e4rker zu trennen.<\/p>\n<p style=\"text-align: justify;\">Das didaktische Konzept umfasst in der Regel 90-min\u00fctige Unterrichtseinheiten pro Klasse. Als au\u00dferschulischer Lernort kann der M+E-InfoTruck orga-nisatorisch gut in den Schulalltag eingebunden werden. Zielgruppe ist die 7. bis 10. Klasse an Werkreal-, Real- und Gemeinschaftsschulen sowie an Gymnasien. Die Sch\u00fcler\/innen werden abh\u00e4ngig von ihrem Lernlevel und Alter in drei Entwicklungsstufen eingeteilt und individuell beraten.<\/p>\n<p style=\"text-align: justify;\">Haben Sie Interesse am M+E-Info Truck, dann ist Ihr <strong>erster Ansprechpartner die Unternehmerschaft<\/strong>. Wenden Sie sich bitte an<\/p>\n<p>Herrn Dipl.-Ing. Holger Baunach<br \/><a style=\"pointer-events: none;\" tabindex=\"-1\" href=\"mailto:baunach@ume-mg.de\"><strong>baunach@ume-mg.de<\/strong><\/a> <strong>oder Tel.-Nr.: 02161\/926890.<\/strong><\/p>","protected":false},"excerpt":{"rendered":"<p>************************************************************************************************* Seit mehr als 25 Jahren mobile Berufsinformation Um die Attraktivit\u00e4t ihrer Ausbildung und ihrer Berufe hervorzuheben, setzt METALL NRW seit mehr als 25 Jahren auf mobile Berufsinformation. Zentrales Medium sind die \u201eInfoMobile der M+E-Industrie\u201c: Insgesamt neun Informationsbusse sind seit &hellip; <a href=\"https:\/\/www.ume-mg.de\/?page_id=744\">Weiterlesen <span class=\"meta-nav\">&rarr;<\/span><\/a><\/p>\n","protected":false},"author":1,"featured_media":0,"parent":0,"menu_order":0,"comment_status":"closed","ping_status":"closed","template":"","meta":{"footnotes":""},"class_list":["post-744","page","type-page","status-publish","hentry"],"_links":{"self":[{"href":"https:\/\/www.ume-mg.de\/index.php?rest_route=\/wp\/v2\/pages\/744","targetHints":{"allow":["GET"]}}],"collection":[{"href":"https:\/\/www.ume-mg.de\/index.php?rest_route=\/wp\/v2\/pages"}],"about":[{"href":"https:\/\/www.ume-mg.de\/index.php?rest_route=\/wp\/v2\/types\/page"}],"author":[{"embeddable":true,"href":"https:\/\/www.ume-mg.de\/index.php?rest_route=\/wp\/v2\/users\/1"}],"replies":[{"embeddable":true,"href":"https:\/\/www.ume-mg.de\/index.php?rest_route=%2Fwp%2Fv2%2Fcomments&post=744"}],"version-history":[{"count":23,"href":"https:\/\/www.ume-mg.de\/index.php?rest_route=\/wp\/v2\/pages\/744\/revisions"}],"predecessor-version":[{"id":1592,"href":"https:\/\/www.ume-mg.de\/index.php?rest_route=\/wp\/v2\/pages\/744\/revisions\/1592"}],"wp:attachment":[{"href":"https:\/\/www.ume-mg.de\/index.php?rest_route=%2Fwp%2Fv2%2Fmedia&parent=744"}],"curies":[{"name":"wp","href":"https:\/\/api.w.org\/{rel}","templated":true}]}}