{"id":719,"date":"2015-05-20T19:20:11","date_gmt":"2015-05-20T17:20:11","guid":{"rendered":"https:\/\/www.ume-mg.de\/?page_id=719"},"modified":"2015-06-06T16:55:20","modified_gmt":"2015-06-06T14:55:20","slug":"info-fuer-unternehmen","status":"publish","type":"page","link":"https:\/\/www.ume-mg.de\/?page_id=719","title":{"rendered":"Info f\u00fcr Unternehmen"},"content":{"rendered":"<p>\n<table id=\"tablepress-8\" class=\"tablepress tablepress-id-8\">\n<tbody class=\"row-striping row-hover\">\n<tr class=\"row-1\">\n\t<td class=\"column-1\"><a href=\"http:\/\/www.ume-mg.de\/?page_id=731\">Info f\u00fcr Schulen<\/a><\/td><td class=\"column-2\"><a href=\"http:\/\/www.ume-mg.de\/?page_id=719\">Info f\u00fcr Unternehmen<\/a><\/td><td class=\"column-3\"><a href=\"http:\/\/www.ume-mg.de\/?page_id=765\">Info f\u00fcr Eltern<\/a><\/td><td class=\"column-4\"><a href=\"http:\/\/www.ume-mg.de\/?page_id=770\">Downloads<\/a><\/td><td class=\"column-5\"><a href=\"http:\/\/www.ume-mg.de\/?page_id=1092\">Teilnehmende Unternehmen 2017<\/a><\/td>\n<\/tr>\n<\/tbody>\n<\/table>\n<!-- #tablepress-8 from cache --><br \/>\nDer Nachwuchsmangel zeichnet sich in vielen Berufen immer mehr ab. Gerade in technischen Berufen und in Dienstleistungsberufen wird diese Entwicklung rasant voranschreiten.<\/p>\n<p style=\"text-align: center;\"><a href=\"https:\/\/www.ume-mg.de\/wp-content\/uploads\/2015\/05\/berufeparcours5.png\"><img loading=\"lazy\" decoding=\"async\" class=\"alignnone wp-image-729 size-full\" src=\"https:\/\/www.ume-mg.de\/wp-content\/uploads\/2015\/05\/berufeparcours5.png\" alt=\"\" width=\"300\" height=\"200\" \/><\/a><\/p>\n<p>Wir bieten Unternehmen die M\u00f6glichkeit, bei einem Berufsparcours ca. 400 Sch\u00fclerinnen und Sch\u00fcler der Klassen 8- 10 (Schwerpunkt Klasse 9) bei Arbeitsproben kennen zu lernen und als Bewerber\/in f\u00fcr ein Praktikum oder eine Ausbildung zu gewinnen. Die Sch\u00fclerinnen und Sch\u00fcler werden in drei Durchg\u00e4ngen berufsrelevante T\u00e4tigkeiten ausprobieren und auf diese Weise ohne Hemmschwelle Kontakt zu den Unternehmen aufnehmen k\u00f6nnen.<\/p>\n<p>Der Berufsparcours wird als Kooperationsveranstaltung von METALL NRW, der Unternehmerschaft der Metall- und Elektroindustrie zu M\u00f6nchengladbach e.V. mit dem <a href=\"http:\/\/www.berufsparcours.de\/\" target=\"_blank\">Technikzentrum Minden-L\u00fcbbecke e.V.<\/a> durchgef\u00fchrt. Das System des Technikzentrums ist bereits mehrfach ausgezeichnet worden und erf\u00fcllt h\u00f6chste Zufriedenheitskriterien, vor allem seitens der bisher beteiligten Unternehmen.<\/p>\n<p>Die Teilnahme am Berufsparcours ist f\u00fcr Sie <strong>kostenlos<\/strong>. Ein Messestand ist nicht notwendig, da die Veranstaltung darauf abzielt, dass die Jugendlichen Ihre berufstypischen \u00dcbungen durchf\u00fchren. Die Sch\u00fclerinnen und Sch\u00fcler lernen die T\u00e4tigkeiten des Berufs \u201egreifbar\u201c kennen und Sie k\u00f6nnen als Unternehmen gleichzeitig potentielle Talente entdecken.<\/p>\n<p>Bei Interesse an der Teilnahme ist Ihr <strong>erster Kontakt die Unternehmerschaft<\/strong>. Wenden Sie sich bitte an<\/p>\n<p>Herrn Dipl.-Ing. Holger Baunach<br \/>\n<a href=\"mailto:baunach@ume-mg.de\"><strong>baunach@ume-mg.de<\/strong><\/a> <strong>oder Tel.-Nr.: 02161\/926890.<\/strong><\/p>\n<p>Die Ablauforganisation und die Beratung erfolgt durch das Technikzentrum Minden-L\u00fcbbecke, das Sie gerne bei der Gestaltung der Arbeitsproben ber\u00e4t.<\/p>\n<p><a href=\"mailto:info@berufsparcours.de\"><strong>info@berufsparcours.de<\/strong><\/a><strong> oder Tel.Nr.: 05703-520510.<\/strong><\/p>\n<p>Wir laden Sie ein, sich am Berufsparcours zu beteiligen. Gerne k\u00f6nnen Sie auch mehrere Berufe vorstellen. Wichtig ist, dass Sie nach M\u00f6glichkeit <strong>pro Beruf acht identische Arbeitsproben<\/strong> vorr\u00e4tig haben, die jeweils etwa 10 Minuten dauern. Dadurch k\u00f6nnen Sie sehr viele Jugendliche an Ihrer Station praktisch erleben.<\/p>\n","protected":false},"excerpt":{"rendered":"<p>Der Nachwuchsmangel zeichnet sich in vielen Berufen immer mehr ab. Gerade in technischen Berufen und in Dienstleistungsberufen wird diese Entwicklung rasant voranschreiten. Wir bieten Unternehmen die M\u00f6glichkeit, bei einem Berufsparcours ca. 400 Sch\u00fclerinnen und Sch\u00fcler der Klassen 8- 10 (Schwerpunkt &hellip; <a href=\"https:\/\/www.ume-mg.de\/?page_id=719\">Weiterlesen <span class=\"meta-nav\">&rarr;<\/span><\/a><\/p>\n","protected":false},"author":1,"featured_media":0,"parent":0,"menu_order":0,"comment_status":"closed","ping_status":"open","template":"","meta":{"footnotes":""},"class_list":["post-719","page","type-page","status-publish","hentry"],"_links":{"self":[{"href":"https:\/\/www.ume-mg.de\/index.php?rest_route=\/wp\/v2\/pages\/719","targetHints":{"allow":["GET"]}}],"collection":[{"href":"https:\/\/www.ume-mg.de\/index.php?rest_route=\/wp\/v2\/pages"}],"about":[{"href":"https:\/\/www.ume-mg.de\/index.php?rest_route=\/wp\/v2\/types\/page"}],"author":[{"embeddable":true,"href":"https:\/\/www.ume-mg.de\/index.php?rest_route=\/wp\/v2\/users\/1"}],"replies":[{"embeddable":true,"href":"https:\/\/www.ume-mg.de\/index.php?rest_route=%2Fwp%2Fv2%2Fcomments&post=719"}],"version-history":[{"count":13,"href":"https:\/\/www.ume-mg.de\/index.php?rest_route=\/wp\/v2\/pages\/719\/revisions"}],"predecessor-version":[{"id":855,"href":"https:\/\/www.ume-mg.de\/index.php?rest_route=\/wp\/v2\/pages\/719\/revisions\/855"}],"wp:attachment":[{"href":"https:\/\/www.ume-mg.de\/index.php?rest_route=%2Fwp%2Fv2%2Fmedia&parent=719"}],"curies":[{"name":"wp","href":"https:\/\/api.w.org\/{rel}","templated":true}]}}