{"id":706,"date":"2015-05-20T13:06:37","date_gmt":"2015-05-20T11:06:37","guid":{"rendered":"https:\/\/www.ume-mg.de\/?page_id=706"},"modified":"2017-01-03T12:09:19","modified_gmt":"2017-01-03T10:09:19","slug":"berufsparcours","status":"publish","type":"page","link":"https:\/\/www.ume-mg.de\/?page_id=706","title":{"rendered":"Berufsparcours"},"content":{"rendered":"\n<table id=\"tablepress-8\" class=\"tablepress tablepress-id-8\">\n<tbody class=\"row-striping row-hover\">\n<tr class=\"row-1\">\n\t<td class=\"column-1\"><a href=\"http:\/\/www.ume-mg.de\/?page_id=731\">Info f\u00fcr Schulen<\/a><\/td><td class=\"column-2\"><a href=\"http:\/\/www.ume-mg.de\/?page_id=719\">Info f\u00fcr Unternehmen<\/a><\/td><td class=\"column-3\"><a href=\"http:\/\/www.ume-mg.de\/?page_id=765\">Info f\u00fcr Eltern<\/a><\/td><td class=\"column-4\"><a href=\"http:\/\/www.ume-mg.de\/?page_id=770\">Downloads<\/a><\/td><td class=\"column-5\"><a href=\"http:\/\/www.ume-mg.de\/?page_id=1092\">Teilnehmende Unternehmen 2017<\/a><\/td>\n<\/tr>\n<\/tbody>\n<\/table>\n<!-- #tablepress-8 from cache -->\n<p style=\"text-align: center;\"><a href=\"https:\/\/www.ume-mg.de\/wp-content\/uploads\/2015\/05\/berufsparcoursHauptbild.png\"><img loading=\"lazy\" decoding=\"async\" class=\"alignnone wp-image-715 size-full\" src=\"https:\/\/www.ume-mg.de\/wp-content\/uploads\/2015\/05\/berufsparcoursHauptbild.png\" alt=\"\" width=\"475\" height=\"190\" srcset=\"https:\/\/www.ume-mg.de\/wp-content\/uploads\/2015\/05\/berufsparcoursHauptbild.png 475w, https:\/\/www.ume-mg.de\/wp-content\/uploads\/2015\/05\/berufsparcoursHauptbild-300x120.png 300w\" sizes=\"auto, (max-width: 475px) 100vw, 475px\" \/><\/a><\/p>\n<p>Unternehmen der Region geben Jugendlichen die M\u00f6glichkeiten Berufe praktisch zu testen und dadurch direkte Chancen f\u00fcr einen Ausbildungsplatz zu bekommen.<\/p>\n<p>Etwa 90 Prozent aller Jugendlichen wissen nicht, welche Ausbildungsberufe es gibt, bei welchen Firmen sie sich bewerben k\u00f6nnen oder was in den verschiedenen Branchen verlangt wird. Der Berufsparcours bietet den Sch\u00fclerinnen und Sch\u00fclern eine interessante Auswahl an verschiedenen Berufen. Und nicht zuletzt wurde auf so manchem Berufsparcours schon der erste Kontakt f\u00fcr einen Ausbildungsplatz gekn\u00fcpft.<\/p>\n<p>Die Unternehmerschaft der Metall- und Elektroindustrie zu\u00a0 M\u00f6nchengladbach, METALL NRW, sowie das <a title=\"zdi-Zentrum M\u00f6nchengladbach\" href=\"http:\/\/www.mgconnect.de\/zdi\" target=\"_blank\">zdi-Zentrum<\/a> und das Schulamt der Stadt M\u00f6nchengladbach gemeinsam mit dem <a title=\"Berufsparcours\" href=\"http:\/\/www.berufsparcours.de\/\" target=\"_blank\">Technikzentrum Minden \u2013 L\u00fcbbecke<\/a>, um dieses effiziente System in dieser Region mit vielen Unternehmen und vielen Jugendlichen durchzuf\u00fchren.<br \/>\nDas Technikzentrum organisiert die Veranstaltung, das neben diesem Termin bundesweit j\u00e4hrlich das selbst entwickelte System 200mal mit rund 50.000 Jugendlichen und 3.800 Unternehmen durchf\u00fchrt.<\/p>\n<p>&nbsp;<\/p>\n<p>&nbsp;<\/p>\n","protected":false},"excerpt":{"rendered":"<p>Unternehmen der Region geben Jugendlichen die M\u00f6glichkeiten Berufe praktisch zu testen und dadurch direkte Chancen f\u00fcr einen Ausbildungsplatz zu bekommen. Etwa 90 Prozent aller Jugendlichen wissen nicht, welche Ausbildungsberufe es gibt, bei welchen Firmen sie sich bewerben k\u00f6nnen oder was &hellip; <a href=\"https:\/\/www.ume-mg.de\/?page_id=706\">Weiterlesen <span class=\"meta-nav\">&rarr;<\/span><\/a><\/p>\n","protected":false},"author":1,"featured_media":0,"parent":0,"menu_order":0,"comment_status":"closed","ping_status":"open","template":"","meta":{"footnotes":""},"class_list":["post-706","page","type-page","status-publish","hentry"],"_links":{"self":[{"href":"https:\/\/www.ume-mg.de\/index.php?rest_route=\/wp\/v2\/pages\/706","targetHints":{"allow":["GET"]}}],"collection":[{"href":"https:\/\/www.ume-mg.de\/index.php?rest_route=\/wp\/v2\/pages"}],"about":[{"href":"https:\/\/www.ume-mg.de\/index.php?rest_route=\/wp\/v2\/types\/page"}],"author":[{"embeddable":true,"href":"https:\/\/www.ume-mg.de\/index.php?rest_route=\/wp\/v2\/users\/1"}],"replies":[{"embeddable":true,"href":"https:\/\/www.ume-mg.de\/index.php?rest_route=%2Fwp%2Fv2%2Fcomments&post=706"}],"version-history":[{"count":12,"href":"https:\/\/www.ume-mg.de\/index.php?rest_route=\/wp\/v2\/pages\/706\/revisions"}],"predecessor-version":[{"id":1153,"href":"https:\/\/www.ume-mg.de\/index.php?rest_route=\/wp\/v2\/pages\/706\/revisions\/1153"}],"wp:attachment":[{"href":"https:\/\/www.ume-mg.de\/index.php?rest_route=%2Fwp%2Fv2%2Fmedia&parent=706"}],"curies":[{"name":"wp","href":"https:\/\/api.w.org\/{rel}","templated":true}]}}