{"id":665,"date":"2015-01-05T10:43:44","date_gmt":"2015-01-05T08:43:44","guid":{"rendered":"https:\/\/www.ume-mg.de\/?page_id=665"},"modified":"2015-01-05T10:46:58","modified_gmt":"2015-01-05T08:46:58","slug":"arbeitskreis-schulewirtschaft-moenchengladbach","status":"publish","type":"page","link":"https:\/\/www.ume-mg.de\/?page_id=665","title":{"rendered":"Arbeitskreis Schule\/Wirtschaft M\u00f6nchengladbach"},"content":{"rendered":"<h2><strong>Kontaktadressen:<\/strong><\/h2>\n<hr \/>\n<p><strong>Berufskolleg f\u00fcr Technik und Medien<\/strong><br \/>\nFrau OStd. Birgit Battenstein<br \/>\nPlatz der Republik 1<br \/>\n41065 M\u00f6nchengladbach<\/p>\n<p>Tel.: 02161 \/ 4916-0<\/p>\n<hr \/>\n<p><strong>Vereinigung Bergischer Unternehmerverb\u00e4nde e.V.<\/strong><br \/>\nHerr Dipl.-Betriebsw. J\u00fcrgen Steidel<br \/>\nWettinerstra\u00dfe 11<br \/>\n42287 Wuppertal<\/p>\n<p>Tel.: 0202 \/ 2580-0<br \/>\nFax: 0202 \/ 2580-258<\/p>\n<hr \/>\n<p><strong>Unternehmerschaft der Metall- und Elektroindustrie<\/strong><br \/>\n<strong> zu M\u00f6nchengladbach e.V.<\/strong><br \/>\nHerr Dipl.-Ing. Holger Baunach<br \/>\nKaiserstra\u00dfe 41<br \/>\n41061 M\u00f6nchengladbach<\/p>\n<p>Tel.: 02161 \/ 92689-0<br \/>\nFax: 02161 \/ 92689-30<\/p>\n<hr \/>\n<p>&nbsp;<\/p>\n","protected":false},"excerpt":{"rendered":"<p>Kontaktadressen: Berufskolleg f\u00fcr Technik und Medien Frau OStd. Birgit Battenstein Platz der Republik 1 41065 M\u00f6nchengladbach Tel.: 02161 \/ 4916-0 Vereinigung Bergischer Unternehmerverb\u00e4nde e.V. Herr Dipl.-Betriebsw. J\u00fcrgen Steidel Wettinerstra\u00dfe 11 42287 Wuppertal Tel.: 0202 \/ 2580-0 Fax: 0202 \/ 2580-258 &hellip; <a href=\"https:\/\/www.ume-mg.de\/?page_id=665\">Weiterlesen <span class=\"meta-nav\">&rarr;<\/span><\/a><\/p>\n","protected":false},"author":1,"featured_media":0,"parent":0,"menu_order":0,"comment_status":"closed","ping_status":"open","template":"","meta":{"footnotes":""},"class_list":["post-665","page","type-page","status-publish","hentry"],"_links":{"self":[{"href":"https:\/\/www.ume-mg.de\/index.php?rest_route=\/wp\/v2\/pages\/665","targetHints":{"allow":["GET"]}}],"collection":[{"href":"https:\/\/www.ume-mg.de\/index.php?rest_route=\/wp\/v2\/pages"}],"about":[{"href":"https:\/\/www.ume-mg.de\/index.php?rest_route=\/wp\/v2\/types\/page"}],"author":[{"embeddable":true,"href":"https:\/\/www.ume-mg.de\/index.php?rest_route=\/wp\/v2\/users\/1"}],"replies":[{"embeddable":true,"href":"https:\/\/www.ume-mg.de\/index.php?rest_route=%2Fwp%2Fv2%2Fcomments&post=665"}],"version-history":[{"count":3,"href":"https:\/\/www.ume-mg.de\/index.php?rest_route=\/wp\/v2\/pages\/665\/revisions"}],"predecessor-version":[{"id":668,"href":"https:\/\/www.ume-mg.de\/index.php?rest_route=\/wp\/v2\/pages\/665\/revisions\/668"}],"wp:attachment":[{"href":"https:\/\/www.ume-mg.de\/index.php?rest_route=%2Fwp%2Fv2%2Fmedia&parent=665"}],"curies":[{"name":"wp","href":"https:\/\/api.w.org\/{rel}","templated":true}]}}