{"id":48,"date":"2013-11-18T16:18:08","date_gmt":"2013-11-18T14:18:08","guid":{"rendered":"http:\/\/wp.ume-mg.de\/?page_id=48"},"modified":"2014-11-06T12:11:28","modified_gmt":"2014-11-06T10:11:28","slug":"tarifgeschehen","status":"publish","type":"page","link":"https:\/\/www.ume-mg.de\/?page_id=48","title":{"rendered":"Tarifrecht und Tarifpolitik"},"content":{"rendered":"<p><span style=\"font-family: Arial;\">Die Mitgliedschaft in unserem Arbeitgeberverband f\u00fchrt f\u00fcr diejenigen Firmen, die dies w\u00fcnschen, zur Bindung an die Tarifvertr\u00e4ge f\u00fcr die Metall- und Elektroindustrie NRW.<\/span><\/p>\n<p><span style=\"font-family: Arial;\">Das ist kein Grund, die Nase zu r\u00fcmpfen und abzuschalten. Die Tarifbindung bietet Vorteile.<\/span><\/p>\n<ul>\n<li><span style=\"font-family: Arial;\">Sie k\u00f6nnen auf tariflicher Basis langfristig und in Frieden planen.<\/span><\/li>\n<\/ul>\n<ul>\n<li><span style=\"font-family: Arial;\">Sie wirken, wenn Sie wollen, im Rahmen der Verbandsdemokratie an den Vor\u00fcberlegungen zur inhaltlichen Gestaltung kommender Tarifvertr\u00e4ge mit.<\/span><\/li>\n<\/ul>\n<ul>\n<li><span style=\"font-family: Arial;\">Sie sind auch in die strategischen \u00dcberlegungen eingebunden.<\/span><\/li>\n<\/ul>\n<ul>\n<li><span style=\"font-family: Arial;\">Sie bestimmen, ob die verhandelten Tarifergebnisse angenommen werden oder nicht. Jede Firma hat eine Stimme, ob gro\u00df oder klein.<\/span><\/li>\n<\/ul>\n<ul>\n<li><span style=\"font-family: Arial;\">Sie haben Anspruch auf Unterst\u00fctzung bei der Umsetzung der Tarifergebnisse im Betrieb. Wir finden mit Ihnen gemeinsam die optimale L\u00f6sung.<\/span><\/li>\n<\/ul>\n<ul>\n<li><span style=\"font-family: Arial;\">Die Verbandsmitgliedschaft f\u00fchrt zu einheitlichen Wettbewerbsbedingungen in der Branche. Die Konkurrenz um die Arbeitnehmer wird entsch\u00e4rft.<\/span><\/li>\n<\/ul>\n<ul>\n<li><span style=\"font-family: Arial;\">Solange der Tarifvertrag in Kraft ist, herrscht Frieden im Betrieb. Die Gewerkschaft darf den Betrieb nicht bestreiken, um neue Forderungen durchzusetzen. T\u00e4te sie es doch, w\u00e4re sie schadenersatzpflichtig.<\/span><\/li>\n<\/ul>\n<ul>\n<li><span style=\"font-family: Arial;\"><span style=\"font-family: Arial;\">Ohne Verbandsmitgliedschaft k\u00f6nnte die Gewerkschaft t\u00e4glich und unvorhersehbar den Abschluss eines Haustarifs verlangen. W\u00fcrden ihre Forderung nicht bewilligt, k\u00f6nnte sie die Durchsetzung erstreiken. Ohne Verbandssolidarit\u00e4t wird das Unternehmen so erpressbar.<\/span><\/span>Verbandsmitglieder haben hingegen im Falle eines Arbeitskampfes Anspruch auf finanzielle Unterst\u00fctzungsleistungen aus einem Arbeitskampffonds. Hierbei gibt es nach Eintritt keine Wartezeit und keine Nachzahlung.<\/li>\n<\/ul>\n<ul>\n<li><span style=\"font-family: Arial;\"><span style=\"font-family: Arial;\">Viele Tarife sind in Zeiten hohen wirtschaftlichen Wohlstandes in der Annahme vereinbart worden, es werde immer so weitergehen.<\/span><\/span>Wir arbeiten mit unseren Mitgliedern daran, diese in die Jahre gekommenen Vertragswerke zu verschlanken und durch \u00d6ffnungsklauseln besser an die Bed\u00fcrfnisse der einzelnen Betriebe anzupassen. Die Regelungsdichte soll abnehmen. <span style=\"font-family: Arial;\">Erste Erfolge und Hinweise auf gewerkschaftliche Einsicht geben Anlass zur Zuversicht. <\/span><\/li>\n<\/ul>\n<p><strong>10 gute Gr\u00fcnde f\u00fcr eine M+E-Tarif-Mitgliedschaft<\/strong><\/p>\n<ol>\n<li>Der M+E-Fl\u00e4chentarif ist friedenstiftend und\u00a0schafft\u00a0Ordnung.<\/li>\n<li>Der M+E-Fl\u00e4chentarif steht f\u00fcr hohe Flexibilit\u00e4t &#8211; mit oder ohne Gewerkschaft.<\/li>\n<li>Der M+E-Fl\u00e4chentarif bietet gleiche Bedingungen f\u00fcr alle.<\/li>\n<li>Der M+E-Fl\u00e4chentarif bietet einen rechtssicheren Raum &#8211; und schafft Planungs- und Produktionssicherheit.<\/li>\n<li>Der M+E-Fl\u00e4chentarif erm\u00f6glicht eine kosteng\u00fcnstige und professionelle Konfliktl\u00f6sung.<\/li>\n<li>Der M+E-Fl\u00e4chentarif zahlt sich aus &#8211; und bietet ein hohes Ma\u00df an Arbeitszeitdifferenzierung.<\/li>\n<li>Der M+E-Fl\u00e4chentarif schafft stabile Leitplanken f\u00fcr die Arbeitsorganisation.<\/li>\n<li>Der M+E-Fl\u00e4chentarif allein bietet Schutz im Kompetenznetzwerk.<\/li>\n<li>Der M+E-Fl\u00e4chentarif steht f\u00fcr erfolgreiches und verantwortliches Unternehmertum.<\/li>\n<li>Der M+E-Fl\u00e4chentarif ist unternehmerisch &#8211; und steht f\u00fcr Gestaltungsmacht.<\/li>\n<\/ol>\n<p><span style=\"font-family: Arial;\">Wer aber die Mitgliedschaft ohne Tarifbindung erwerben oder in eine solche Art der Mitgliedschaft wechseln m\u00f6chte, kann auch dies. Sprechen Sie uns an, wir geben Ihnen dazu die n\u00f6tigen rechtlichen Hinweise.<\/span><\/p>\n","protected":false},"excerpt":{"rendered":"<p>Die Mitgliedschaft in unserem Arbeitgeberverband f\u00fchrt f\u00fcr diejenigen Firmen, die dies w\u00fcnschen, zur Bindung an die Tarifvertr\u00e4ge f\u00fcr die Metall- und Elektroindustrie NRW. Das ist kein Grund, die Nase zu r\u00fcmpfen und abzuschalten. Die Tarifbindung bietet Vorteile. Sie k\u00f6nnen auf &hellip; <a href=\"https:\/\/www.ume-mg.de\/?page_id=48\">Weiterlesen <span class=\"meta-nav\">&rarr;<\/span><\/a><\/p>\n","protected":false},"author":1,"featured_media":0,"parent":0,"menu_order":0,"comment_status":"closed","ping_status":"closed","template":"","meta":{"footnotes":""},"class_list":["post-48","page","type-page","status-publish","hentry"],"_links":{"self":[{"href":"https:\/\/www.ume-mg.de\/index.php?rest_route=\/wp\/v2\/pages\/48","targetHints":{"allow":["GET"]}}],"collection":[{"href":"https:\/\/www.ume-mg.de\/index.php?rest_route=\/wp\/v2\/pages"}],"about":[{"href":"https:\/\/www.ume-mg.de\/index.php?rest_route=\/wp\/v2\/types\/page"}],"author":[{"embeddable":true,"href":"https:\/\/www.ume-mg.de\/index.php?rest_route=\/wp\/v2\/users\/1"}],"replies":[{"embeddable":true,"href":"https:\/\/www.ume-mg.de\/index.php?rest_route=%2Fwp%2Fv2%2Fcomments&post=48"}],"version-history":[{"count":7,"href":"https:\/\/www.ume-mg.de\/index.php?rest_route=\/wp\/v2\/pages\/48\/revisions"}],"predecessor-version":[{"id":645,"href":"https:\/\/www.ume-mg.de\/index.php?rest_route=\/wp\/v2\/pages\/48\/revisions\/645"}],"wp:attachment":[{"href":"https:\/\/www.ume-mg.de\/index.php?rest_route=%2Fwp%2Fv2%2Fmedia&parent=48"}],"curies":[{"name":"wp","href":"https:\/\/api.w.org\/{rel}","templated":true}]}}