{"id":44,"date":"2013-11-18T16:16:00","date_gmt":"2013-11-18T14:16:00","guid":{"rendered":"http:\/\/wp.ume-mg.de\/?page_id=44"},"modified":"2014-11-06T12:08:44","modified_gmt":"2014-11-06T10:08:44","slug":"oeffentlichkeitsarbeit-medienmitteilungen","status":"publish","type":"page","link":"https:\/\/www.ume-mg.de\/?page_id=44","title":{"rendered":"Presse- und \u00d6ffentlichkeitsarbeit"},"content":{"rendered":"<p><span style=\"font-family: Arial;\">Der Verband ist das Sprachrohr seiner Mitgliedsfirmen. Er informiert die \u00d6ffentlichkeit \u00fcber Standpunkte der Arbeitgeber und ihre sozialpolitischen Ziele, aber auch \u00fcber Firmenereignisse und Firmenerfolge.<\/span><\/p>\n<p><span style=\"font-family: Arial;\">Er betreibt<\/span><\/p>\n<ul>\n<li><b><span style=\"font-family: Arial;\">regionale Medienarbeit<\/span><\/b><span style=\"font-family: Arial;\"><br \/>\nEr verfasst Mitteilungen f\u00fcr die Presse und den Lokalfunk.<br \/>\nEr f\u00fchrt Gespr\u00e4che mit Journalisten. Verbandsmitarbeiter geben und vermitteln Interviews. Er bedient sich dabei professioneller Hilfe.<\/span><\/li>\n<\/ul>\n<p><span style=\"font-family: Arial;\">Er veranstaltet<\/span><\/p>\n<ul>\n<li><b><span style=\"font-family: Arial;\">Vortr\u00e4ge<\/span><\/b><\/li>\n<\/ul>\n<p><span style=\"font-family: Arial;\">Er verteilt<\/span><\/p>\n<ul>\n<li><b><span style=\"font-family: Arial;\">Publikationen<\/span><\/b><\/li>\n<\/ul>\n<p><span style=\"font-family: Arial;\">Er sorgt f\u00fcr die Transparenz wirtschaftlicher Abl\u00e4ufe bei Lehrern und Sch\u00fclern im<\/span><\/p>\n<ul>\n<li><b><span style=\"font-family: Arial;\">Arbeitskreis Schule &#8211; Wirtschaft<\/span><\/b><\/li>\n<\/ul>\n<p><span style=\"font-family: Arial;\">Er unterst\u00fctzt durch Zusammenarbeit mit der Berufsberatung und Pr\u00e4sentation bei Messen, Ausstellungen und in Schulen die<\/span><\/p>\n<ul>\n<li><b><span style=\"font-family: Arial;\">Nachwuchswerbung<\/span><\/b><\/li>\n<\/ul>\n<p><span style=\"font-family: Arial;\">Er wirkt mit an<\/span><\/p>\n<ul>\n<li><b><span style=\"font-family: Arial;\">\u00fcberregionaler \u00d6ffentlichkeitsarbeit<\/span><\/b><\/li>\n<\/ul>\n","protected":false},"excerpt":{"rendered":"<p>Der Verband ist das Sprachrohr seiner Mitgliedsfirmen. Er informiert die \u00d6ffentlichkeit \u00fcber Standpunkte der Arbeitgeber und ihre sozialpolitischen Ziele, aber auch \u00fcber Firmenereignisse und Firmenerfolge. Er betreibt regionale Medienarbeit Er verfasst Mitteilungen f\u00fcr die Presse und den Lokalfunk. Er f\u00fchrt &hellip; <a href=\"https:\/\/www.ume-mg.de\/?page_id=44\">Weiterlesen <span class=\"meta-nav\">&rarr;<\/span><\/a><\/p>\n","protected":false},"author":1,"featured_media":0,"parent":0,"menu_order":0,"comment_status":"closed","ping_status":"closed","template":"","meta":{"footnotes":""},"class_list":["post-44","page","type-page","status-publish","hentry"],"_links":{"self":[{"href":"https:\/\/www.ume-mg.de\/index.php?rest_route=\/wp\/v2\/pages\/44","targetHints":{"allow":["GET"]}}],"collection":[{"href":"https:\/\/www.ume-mg.de\/index.php?rest_route=\/wp\/v2\/pages"}],"about":[{"href":"https:\/\/www.ume-mg.de\/index.php?rest_route=\/wp\/v2\/types\/page"}],"author":[{"embeddable":true,"href":"https:\/\/www.ume-mg.de\/index.php?rest_route=\/wp\/v2\/users\/1"}],"replies":[{"embeddable":true,"href":"https:\/\/www.ume-mg.de\/index.php?rest_route=%2Fwp%2Fv2%2Fcomments&post=44"}],"version-history":[{"count":4,"href":"https:\/\/www.ume-mg.de\/index.php?rest_route=\/wp\/v2\/pages\/44\/revisions"}],"predecessor-version":[{"id":644,"href":"https:\/\/www.ume-mg.de\/index.php?rest_route=\/wp\/v2\/pages\/44\/revisions\/644"}],"wp:attachment":[{"href":"https:\/\/www.ume-mg.de\/index.php?rest_route=%2Fwp%2Fv2%2Fmedia&parent=44"}],"curies":[{"name":"wp","href":"https:\/\/api.w.org\/{rel}","templated":true}]}}