{"id":435,"date":"2014-03-19T11:30:32","date_gmt":"2014-03-19T09:30:32","guid":{"rendered":"http:\/\/wp.ume-mg.de\/?page_id=435"},"modified":"2025-08-26T14:50:05","modified_gmt":"2025-08-26T12:50:05","slug":"impressum-neu","status":"publish","type":"page","link":"https:\/\/www.ume-mg.de\/?page_id=435","title":{"rendered":"Impressum"},"content":{"rendered":"<p>Unternehmerschaft der Metall- und Elektroindustrie zu M\u00f6nchengladbach e.V.<br \/>\nKaiserstra\u00dfe 41<br \/>\n<strong>41061 M\u00f6nchengladbach<\/strong><\/p>\n<h2><span style=\"color: #800000;\">Vertreten durch:<\/span><\/h2>\n<p>Vorsitzender: Dipl.-Ing. Albrecht Driescher<\/p>\n<p>Gesch\u00e4ftsf\u00fchrer: Rechtsanwalt (Syndikus-RA) Reinhold Schneider<\/p>\n<h2><span style=\"color: #800000;\">Kontakt:<\/span><\/h2>\n<table>\n<tbody>\n<tr>\n<td>Telefon:<\/td>\n<td>02161 \/ 92 68 9 \u2013 0<\/td>\n<\/tr>\n<tr>\n<td>Telefax:<\/td>\n<td>02161 \/ 92 68 9 \u2013 30<\/td>\n<\/tr>\n<tr>\n<td>E-Mail:<\/td>\n<td>zentrale@ume-mg.de<\/td>\n<\/tr>\n<\/tbody>\n<\/table>\n<h2><span style=\"color: #800000;\">Registereintrag:<\/span><\/h2>\n<p>Eintragung im Vereinsregister.<br \/>\nRegistergericht:Amtsgericht M\u00f6nchengladbach<br \/>\nRegisternummer: 18 VR 552<\/p>\n<h2><span style=\"color: #800000;\">Verantwortlich f\u00fcr den Inhalt:<\/span><\/h2>\n<p>Unternehmerschaft der Metall- und Elektroindustrie zu M\u00f6nchengladbach e.V.<br \/>\nRA (Syndikus-RA) Reinhold Schneider<br \/>\nKaiserstra\u00dfe 41<br \/>\n<strong>41061 M\u00f6nchengladbach<\/strong><\/p>\n<h2><span style=\"color: #800000;\">Quellenangaben f\u00fcr die verwendeten Bilder und Grafiken:<\/span><\/h2>\n<p>Metal tools &#8211; \u00a9 donatas1205 &#8211; Fotolia.com<\/p>\n<p>Quelle: <i><a href=\"http:\/\/www.e-recht24.de\/impressum-generator.html\" rel=\"nofollow\">http:\/\/www.e-recht24.de<\/a><\/i><\/p>\n<h1><\/h1>\n<h1><span style=\"color: #800000;\">Haftungsausschluss (Disclaimer)<\/span><\/h1>\n<p><span style=\"color: #800000;\"><strong>Haftung f\u00fcr Links<\/strong><\/span><\/p>\n<p>Unser Angebot enth\u00e4lt Links zu externen Webseiten Dritter, auf deren Inhalte wir keinen Einfluss haben. Deshalb k\u00f6nnen wir f\u00fcr diese fremden Inhalte auch keine Gew\u00e4hr \u00fcbernehmen. F\u00fcr die Inhalte der verlinkten Seiten ist stets der jeweilige Anbieter oder Betreiber der Seiten verantwortlich. Die verlinkten Seiten wurden zum Zeitpunkt der Verlinkung auf m\u00f6gliche Rechtsverst\u00f6\u00dfe \u00fcberpr\u00fcft. Rechtswidrige Inhalte waren zum Zeitpunkt der Verlinkung nicht erkennbar. Eine permanente inhaltliche Kontrolle der verlinkten Seiten ist jedoch ohne konkrete Anhaltspunkte einer Rechtsverletzung nicht zumutbar. Bei Bekanntwerden von Rechtsverletzungen werden wir derartige Links umgehend entfernen.<\/p>\n<p><span style=\"color: #800000;\"><strong>Urheberrecht<\/strong><\/span><\/p>\n<p>Die durch die Seitenbetreiber erstellten Inhalte und Werke auf diesen Seiten unterliegen dem deutschen Urheberrecht. Die Vervielf\u00e4ltigung, Bearbeitung, Verbreitung und jede Art der Verwertung au\u00dferhalb der Grenzen des Urheberrechtes bed\u00fcrfen der schriftlichen Zustimmung des jeweiligen Autors bzw. Erstellers. Downloads und Kopien dieser Seite sind nur f\u00fcr den privaten, nicht kommerziellen Gebrauch gestattet. Soweit die Inhalte auf dieser Seite nicht vom Betreiber erstellt wurden, werden die Urheberrechte Dritter beachtet. Insbesondere werden Inhalte Dritter als solche gekennzeichnet. Sollten Sie trotzdem auf eine Urheberrechtsverletzung aufmerksam werden, bitten wir um einen entsprechenden Hinweis. Bei Bekanntwerden von Rechtsverletzungen werden wir derartige Inhalte umgehend entfernen.<\/p>\n<p><span style=\"color: #800000;\"><strong>Streitschlichtung<\/strong><\/span><\/p>\n<p>Wir sind nicht bereit oder verpflichtet, an Streitbeilegungsverfahren vor einer Verbraucherschlichtungsstelle teilzunehmen.<\/p>\n<p><i>Quellenangaben: <a href=\"http:\/\/www.e-recht24.de\/muster-disclaimer.html\" target=\"_blank\" rel=\"nofollow noopener\">Disclaimer<\/a> von eRecht24, dem Portal zum Internetrecht von Rechtsanwalt S\u00f6ren Siebert, <a href=\"http:\/\/www.e-recht24.de\/muster-disclaimer.html\" target=\"_blank\" rel=\"nofollow noopener\">Disclaimer eRecht24<\/a><\/i><\/p>\n","protected":false},"excerpt":{"rendered":"<p>Unternehmerschaft der Metall- und Elektroindustrie zu M\u00f6nchengladbach e.V. Kaiserstra\u00dfe 41 41061 M\u00f6nchengladbach Vertreten durch: Vorsitzender: Dipl.-Ing. Albrecht Driescher Gesch\u00e4ftsf\u00fchrer: Rechtsanwalt (Syndikus-RA) Reinhold Schneider Kontakt: Telefon: 02161 \/ 92 68 9 \u2013 0 Telefax: 02161 \/ 92 68 9 \u2013 30 &hellip; <a href=\"https:\/\/www.ume-mg.de\/?page_id=435\">Weiterlesen <span class=\"meta-nav\">&rarr;<\/span><\/a><\/p>\n","protected":false},"author":1,"featured_media":0,"parent":0,"menu_order":0,"comment_status":"closed","ping_status":"closed","template":"","meta":{"footnotes":""},"class_list":["post-435","page","type-page","status-publish","hentry"],"_links":{"self":[{"href":"https:\/\/www.ume-mg.de\/index.php?rest_route=\/wp\/v2\/pages\/435","targetHints":{"allow":["GET"]}}],"collection":[{"href":"https:\/\/www.ume-mg.de\/index.php?rest_route=\/wp\/v2\/pages"}],"about":[{"href":"https:\/\/www.ume-mg.de\/index.php?rest_route=\/wp\/v2\/types\/page"}],"author":[{"embeddable":true,"href":"https:\/\/www.ume-mg.de\/index.php?rest_route=\/wp\/v2\/users\/1"}],"replies":[{"embeddable":true,"href":"https:\/\/www.ume-mg.de\/index.php?rest_route=%2Fwp%2Fv2%2Fcomments&post=435"}],"version-history":[{"count":12,"href":"https:\/\/www.ume-mg.de\/index.php?rest_route=\/wp\/v2\/pages\/435\/revisions"}],"predecessor-version":[{"id":1685,"href":"https:\/\/www.ume-mg.de\/index.php?rest_route=\/wp\/v2\/pages\/435\/revisions\/1685"}],"wp:attachment":[{"href":"https:\/\/www.ume-mg.de\/index.php?rest_route=%2Fwp%2Fv2%2Fmedia&parent=435"}],"curies":[{"name":"wp","href":"https:\/\/api.w.org\/{rel}","templated":true}]}}