{"id":38,"date":"2013-11-18T16:10:30","date_gmt":"2013-11-18T14:10:30","guid":{"rendered":"http:\/\/wp.ume-mg.de\/?page_id=38"},"modified":"2014-11-06T12:06:00","modified_gmt":"2014-11-06T10:06:00","slug":"information","status":"publish","type":"page","link":"https:\/\/www.ume-mg.de\/?page_id=38","title":{"rendered":"Information"},"content":{"rendered":"<p><b>N<\/b>ur das gut und rechtzeitig unterrichtete Unternehmen trifft die richtigen Entscheidungen. Das gilt auch &#8211; aber nicht nur &#8211; f\u00fcr den Bereich der Personalwirtschaft.<\/p>\n<p>Was hat das Bundesarbeitsgericht neulich zur K\u00fcrzungsm\u00f6glichkeit bei der Entgeltfortzahlung entschieden? Wie muss nach der Rechtsprechung die Arbeitsunf\u00e4higkeit eines in der Heimat erkrankten Ausl\u00e4nders nachgewiesen werden? Zu wann hat die Gewerkschaft den Entgelttarifvertrag gek\u00fcndigt? Sucht ein mittelgro\u00dfer Maschinenbaubetrieb im Verbandsgebiet einen K\u00e4ufer? Ist meine betriebliche Krankenquote im Vergleich zu anderen Betrieben der Branche besonders hoch? Wie stellen sich meine Entgelte im Branchenvergleich dar?<\/p>\n<p>Unsere Mitgliedsbetriebe wissen das, und zwar fr\u00fcher als andere.<\/p>\n<p>Wir informieren brandaktuell<\/p>\n<ul>\n<li>durch sachlich und thematisch gegliederte schriftliche Informationen (Rundschreiben) rund 150 mal im Jahr<\/li>\n<\/ul>\n<ul>\n<li>durch Informationen in einem nur f\u00fcr Mitgliedsfirmen bestehenden Extranet &#8211; Sie brauchen nur einen Internetzugang und ein Kennwort.<\/li>\n<\/ul>\n<ul>\n<li>telefonisch oder elektronisch auf Anfrage<\/li>\n<\/ul>\n<ul>\n<li>durch eigene Statistiken<\/li>\n<\/ul>\n<ul>\n<li>in Seminaren am Ort und in Zusammenarbeit mit anderen Arbeitgeberverb\u00e4nden auch \u00fcber\u00f6rtlich und m\u00f6glichst ortsnah<\/li>\n<\/ul>\n","protected":false},"excerpt":{"rendered":"<p>Nur das gut und rechtzeitig unterrichtete Unternehmen trifft die richtigen Entscheidungen. Das gilt auch &#8211; aber nicht nur &#8211; f\u00fcr den Bereich der Personalwirtschaft. Was hat das Bundesarbeitsgericht neulich zur K\u00fcrzungsm\u00f6glichkeit bei der Entgeltfortzahlung entschieden? Wie muss nach der Rechtsprechung &hellip; <a href=\"https:\/\/www.ume-mg.de\/?page_id=38\">Weiterlesen <span class=\"meta-nav\">&rarr;<\/span><\/a><\/p>\n","protected":false},"author":1,"featured_media":0,"parent":0,"menu_order":0,"comment_status":"closed","ping_status":"closed","template":"","meta":{"footnotes":""},"class_list":["post-38","page","type-page","status-publish","hentry"],"_links":{"self":[{"href":"https:\/\/www.ume-mg.de\/index.php?rest_route=\/wp\/v2\/pages\/38","targetHints":{"allow":["GET"]}}],"collection":[{"href":"https:\/\/www.ume-mg.de\/index.php?rest_route=\/wp\/v2\/pages"}],"about":[{"href":"https:\/\/www.ume-mg.de\/index.php?rest_route=\/wp\/v2\/types\/page"}],"author":[{"embeddable":true,"href":"https:\/\/www.ume-mg.de\/index.php?rest_route=\/wp\/v2\/users\/1"}],"replies":[{"embeddable":true,"href":"https:\/\/www.ume-mg.de\/index.php?rest_route=%2Fwp%2Fv2%2Fcomments&post=38"}],"version-history":[{"count":5,"href":"https:\/\/www.ume-mg.de\/index.php?rest_route=\/wp\/v2\/pages\/38\/revisions"}],"predecessor-version":[{"id":641,"href":"https:\/\/www.ume-mg.de\/index.php?rest_route=\/wp\/v2\/pages\/38\/revisions\/641"}],"wp:attachment":[{"href":"https:\/\/www.ume-mg.de\/index.php?rest_route=%2Fwp%2Fv2%2Fmedia&parent=38"}],"curies":[{"name":"wp","href":"https:\/\/api.w.org\/{rel}","templated":true}]}}