{"id":34,"date":"2013-11-18T16:07:57","date_gmt":"2013-11-18T14:07:57","guid":{"rendered":"http:\/\/wp.ume-mg.de\/?page_id=34"},"modified":"2025-05-28T14:34:29","modified_gmt":"2025-05-28T12:34:29","slug":"berufsausbildung-und-weiterbildung","status":"publish","type":"page","link":"https:\/\/www.ume-mg.de\/?page_id=34","title":{"rendered":"Berufsaus- und Weiterbildung"},"content":{"rendered":"<p><span style=\"font-family: Arial;\">Die F\u00f6rderung der Berufsausbildung ist ein wichtiges Anliegen des Verbandes.<\/span><\/p>\n<p><span style=\"font-family: Arial;\">Er ber\u00e4t Mitgliedsfirmen, die erstmals Jugendliche ausbilden wollen. Er f\u00f6rdert die Kooperation von Unternehmen, die wechselseitig f\u00fcreinander Ausbildungsabschnitte \u00fcbernehmen, um f\u00fcr die Jugendlichen die bestm\u00f6gliche Ausbildung zu sichern.<\/span><\/p>\n<p><span style=\"font-family: Arial;\">Der Verband schafft ein Forum f\u00fcr den Erfahrungsaustausch und die Weiterbildung der Ausbilder. Monatliche Zusammenk\u00fcnfte dieses Personenkreises sind seit vielen Jahren Tradition. Eine enge Kooperation mit den Berufsschulen sorgt f\u00fcr das Funktionieren des dualen Systems und eine reibungslose Verzahnung der Ausbildungsinhalte.<\/span><\/p>\n<p><span style=\"font-family: Arial;\">Die Unternehmerschaft pr\u00e4sentiert der \u00d6ffentlichkeit das breite Spektrum der Ausbildungsm\u00f6glichkeiten in ihren Firmen bei Ausstellungen und Messen im Verbandsgebiet.<\/span><\/p>\n<p><span style=\"font-family: Arial;\">Die Schulen m\u00fcssen in die Lage versetzt werden, ihren Sch\u00fclern ein wirklichkeitsnahes Bild der Wirtschaft und des Geschehens in einem Betrieb zu vermitteln. Deswegen beteiligt sich der Verband an der Vermittlung von Betriebspraktikumspl\u00e4tzen f\u00fcr Sch\u00fcler und ist ein Partner im Arbeitskreis SchuleWirtschaft.<\/span><\/p>\n<p><span style=\"font-family: Arial;\">Der<\/span> <b><span style=\"font-family: Arial;\">Arbeitskreis SchuleWirtschaft<b> <\/b><\/span><\/b><b><span style=\"font-family: Arial;\">M\u00f6nchengladbach <\/span><\/b><span style=\"font-family: Arial;\">bietet Lehrern die M\u00f6glichkeit, mit Vertretern der Wirtschaft aktuelle wirtschaftliche Themen zu diskutieren und durch Betriebsbegehungen unmittelbar Produktionsgeschehen und Produktionsumgebung zu erleben.<\/span><\/p>\n<p><a title=\"Arbeitskreis Schule\/Wirtschaft M\u00f6nchengladbach\" href=\"https:\/\/www.ume-mg.de\/?page_id=665\"><span style=\"font-family: Arial;\">Sie sind als Lehrer an der n\u00e4chsten Veranstaltung interessiert?<\/span><\/a><\/p>\n<p><span style=\"font-family: Arial;\">Die berufliche Weiterbildung und Qualifizierung der Firmenmitarbeiter ist eine Voraussetzung f\u00fcr dauernden Unternehmenserfolg. Der Verband wirkt daran mit:<\/span><br \/>\n<span style=\"font-family: Arial;\">Er betreibt mit anderen Arbeitgeberverb\u00e4nden der Region die Ausbildung von <\/span><b><span style=\"font-family: Arial;\">Industriemeistern <\/span><\/b><span style=\"font-family: Arial;\">in Abendkursen. Einzelheiten dazu finden Sie beim <\/span><a href=\"http:\/\/wp.ume-bildungswerk.de\" target=\"new\"><b><span style=\"font-family: Arial;\">UME &#8211; Bildungwerk<\/span><\/b><\/a><\/p>\n<p><span style=\"font-family: Arial;\">Er beherbergt unter seinem Dach die Organisation, die in Fragen der <\/span><b><span style=\"font-family: Arial;\">Arbeits- und Zeitwirtschaft sowie der betrieblichen<b> <\/b><\/span><\/b><b><span style=\"font-family: Arial;\">Rationalisierung und Organisation <\/span><\/b><span style=\"font-family: Arial;\">seit Jahrzehnten schult und stellt seine Unterrichtsr\u00e4ume zur Verf\u00fcgung. Einzelheiten finden Sie beim <\/span><a href=\"http:\/\/www.refa-nordwest.de\/regionen-und-bezirke\/nordrhein-westfalen\/bv-mittlerer-niederrhein.html\" target=\"new\"><b><span style=\"font-family: Arial;\">REFA Regionalverband Rheinland<\/span><\/b><\/a>.<\/p>\n<p><span style=\"font-family: Arial;\">Die Unternehmerschaft bietet den <\/span><b><span style=\"font-family: Arial;\">Personalleitern<\/span><\/b><span style=\"font-family: Arial;\"> in regelm\u00e4\u00dfigen Zusammenk\u00fcnften ein Forum f\u00fcr Informationsaustausch. Qualifizierte Referenten unterrichten \u00fcber aktuelle Entwicklungen der Gesetzgebung und Rechtsprechung, Mitarbeiter geben Hinweise zur zweckm\u00e4\u00dfigen Gestaltung der Zusammenarbeit zwischen Betrieben und Verwaltung.<\/span><br \/>\n<span style=\"font-family: Arial;\">Schlie\u00dflich f\u00f6rdert der Verband auch die Weiterbildung von Ingenieuren und F\u00fchrungskr\u00e4ften durch Sponsoring von Vortr\u00e4gen der VDI-Gesellschaft Produktionstechnik \/ Arbeitskreis M\u00f6nchengladbach.<\/span><\/p>\n","protected":false},"excerpt":{"rendered":"<p>Die F\u00f6rderung der Berufsausbildung ist ein wichtiges Anliegen des Verbandes. Er ber\u00e4t Mitgliedsfirmen, die erstmals Jugendliche ausbilden wollen. Er f\u00f6rdert die Kooperation von Unternehmen, die wechselseitig f\u00fcreinander Ausbildungsabschnitte \u00fcbernehmen, um f\u00fcr die Jugendlichen die bestm\u00f6gliche Ausbildung zu sichern. Der Verband &hellip; <a href=\"https:\/\/www.ume-mg.de\/?page_id=34\">Weiterlesen <span class=\"meta-nav\">&rarr;<\/span><\/a><\/p>\n","protected":false},"author":1,"featured_media":0,"parent":0,"menu_order":0,"comment_status":"closed","ping_status":"closed","template":"","meta":{"footnotes":""},"class_list":["post-34","page","type-page","status-publish","hentry"],"_links":{"self":[{"href":"https:\/\/www.ume-mg.de\/index.php?rest_route=\/wp\/v2\/pages\/34","targetHints":{"allow":["GET"]}}],"collection":[{"href":"https:\/\/www.ume-mg.de\/index.php?rest_route=\/wp\/v2\/pages"}],"about":[{"href":"https:\/\/www.ume-mg.de\/index.php?rest_route=\/wp\/v2\/types\/page"}],"author":[{"embeddable":true,"href":"https:\/\/www.ume-mg.de\/index.php?rest_route=\/wp\/v2\/users\/1"}],"replies":[{"embeddable":true,"href":"https:\/\/www.ume-mg.de\/index.php?rest_route=%2Fwp%2Fv2%2Fcomments&post=34"}],"version-history":[{"count":12,"href":"https:\/\/www.ume-mg.de\/index.php?rest_route=\/wp\/v2\/pages\/34\/revisions"}],"predecessor-version":[{"id":1680,"href":"https:\/\/www.ume-mg.de\/index.php?rest_route=\/wp\/v2\/pages\/34\/revisions\/1680"}],"wp:attachment":[{"href":"https:\/\/www.ume-mg.de\/index.php?rest_route=%2Fwp%2Fv2%2Fmedia&parent=34"}],"curies":[{"name":"wp","href":"https:\/\/api.w.org\/{rel}","templated":true}]}}