{"id":1659,"date":"2025-01-10T11:48:10","date_gmt":"2025-01-10T09:48:10","guid":{"rendered":"https:\/\/www.ume-mg.de\/?page_id=1659"},"modified":"2025-01-10T12:03:20","modified_gmt":"2025-01-10T10:03:20","slug":"datenschutzerklaerung-neu","status":"publish","type":"page","link":"https:\/\/www.ume-mg.de\/?page_id=1659","title":{"rendered":"Datenschutzerkl\u00e4rung"},"content":{"rendered":"\n<p><strong>DATENSCHUTZERKL\u00c4RUNG ONLINEPR\u00c4SENZ<\/strong><\/p>\n\n\n\n<p>Information zum Datenschutz \u00fcber unsere Verarbeitung von Daten nach Art. 13, 14 und 21 der Datenschutz-Grundverordnung (DSGVO)<\/p>\n\n\n\n<p>1. ALLGEMEINE HINWEISE UND VERANTWORTLICHE STELLE:<\/p>\n\n\n\n<p>Der Schutz Ihrer Privatsph\u00e4re und Ihrer privaten Daten ist uns ein gro\u00dfes Anliegen. Wir erheben, verarbeiten und nutzen Ihre personenbezogenen Daten in \u00dcbereinstimmung mit dem Inhalt dieser Datenschutzbestimmungen sowie der anwendbaren Datenschutzbestimmungen, insbesondere der DSGVO. Im Folgenden informieren wir \u00fcber die Verarbeitung personenbezogener Daten insbesondere bei Nutzung unserer Onlinepr\u00e4senzen und bitten Sie daher, die nachfolgenden Ausf\u00fchrungen sorgf\u00e4ltig durchzulesen.<\/p>\n\n\n\n<p>Die verantwortliche Stelle gem. Art.4 Abs.7 DSGVO f\u00fcr die hier beschriebenen Datenverarbeitungen ist&nbsp;<\/p>\n\n\n\n<p>Unternehmerschaft der Metall- und Elektroindustrie zu M\u00f6nchengladbach e.V.<br>Gesch\u00e4ftsleitung: RA Reinhold Schneider<br>Kaiserstr. 41<br>41061 M\u00f6nchengladbach<br>Telefon: +49 21 61 \/ 9 26 89-0<br>E-Mail: <a href=\"mailto:zentrale@ume-mg.de\">zentrale@ume-mg.de<\/a><\/p>\n\n\n\n<p>2. VERARBEITUNG PERSONENBEZOGENER DATEN<\/p>\n\n\n\n<p>Personenbezogene Daten sind alle Informationen, die auf Sie pers\u00f6nlich beziehbar sind. Hierzu z\u00e4hlen beispielsweise Ihr Name, Ihre Kontaktdaten und die IP-Adresse Ihres Computers.&nbsp;<\/p>\n\n\n\n<p>2.1 ANFRAGE PER E-MAIL, TELEFON ODER TELEFAX <\/p>\n\n\n\n<p>Wenn Sie uns per E-Mail, Telefon oder Telefax kontaktieren, wird Ihre Anfrage inklusive aller daraus hervorgehenden personenbezogenen Daten (Name, E-Mail-Adresse,) zum Zwecke der Bearbeitung Ihres Anliegens bei uns gespeichert und verarbeitet.<\/p>\n\n\n\n<p>Die Verarbeitung dieser Daten erfolgt auf Grundlage von Art. 6 Abs. 1 lit. b DSGVO, sofern Ihre Anfrage mit der Erf\u00fcllung eines Vertrags zusammenh\u00e4ngt oder zur Durchf\u00fchrung vorvertraglicher Ma\u00dfnahmen erforderlich ist. In allen \u00fcbrigen F\u00e4llen beruht die Verarbeitung auf unserem berechtigten Interesse an der effektiven Bearbeitung der an uns gerichteten Anfragen (Art. 6 Abs. 1 lit. f DSGVO) oder auf Ihrer Einwilligung (Art. 6 Abs. 1 lit. a DSGVO) sofern diese abgefragt wurde.<\/p>\n\n\n\n<p>Die von Ihnen an uns per Kontaktanfragen \u00fcbersandten Daten verbleiben bei uns, bis Sie uns zur L\u00f6schung auffordern, Ihre Einwilligung zur Speicherung widerrufen oder der Zweck f\u00fcr die Datenspeicherung entf\u00e4llt (z. B. nach abgeschlossener Bearbeitung Ihres Anliegens). Zwingende gesetzliche Bestimmungen \u2013 insbesondere gesetzliche Aufbewahrungsfristen \u2013 bleiben unber\u00fchrt.<\/p>\n\n\n\n<p>Falls wir f\u00fcr einzelne Funktionen unseres Angebots auf beauftragte Dienstleister zur\u00fcckgreifen oder Ihre Daten f\u00fcr werbliche Zwecke nutzen m\u00f6chten, werden wir diese Dienstleister stets sorgf\u00e4ltig ausw\u00e4hlen und \u00fcberwachen und informieren Sie im Detail \u00fcber die jeweiligen Vorg\u00e4nge. Dabei nennen wir auch die festgelegten Kriterien der Speicherdauer.<\/p>\n\n\n\n<p>2.2 BESUCH UNSERER WEBSEITE<\/p>\n\n\n\n<p>Bei der informatorischen Nutzung der Webseite, also der blo\u00dfen Betrachtung ohne eine Registrierung und ohne dass Sie uns anderweitig Informationen mitteilen, verarbeiten wir die personenbezogenen Daten, die Ihr Browser an den Server unseres Dienstleisters \u00fcbermittelt. Die nachfolgend beschriebenen Daten sind technisch erforderlich, um Ihnen unsere Website anzuzeigen und die Stabilit\u00e4t und Sicherheit zu gew\u00e4hrleisten und m\u00fcssen daher von uns verarbeitet werden. Eine Auswertung zu Marketingzwecken findet in diesem Zusammenhang nicht statt. Wir haben auf unserer Website keinerlei Trackingdienste implementiert.<\/p>\n\n\n\n<p>\u2013&nbsp; &nbsp;&nbsp;Domain<br>\u2013&nbsp; &nbsp;&nbsp;IP-Adresse<br>\u2013&nbsp; &nbsp;&nbsp;Zeitstempel (Datum und Uhrzeit der Anfrage)<br>\u2013&nbsp; &nbsp;&nbsp;Request (Inhalt der Anforderung, besuchte Seite)<br>\u2013&nbsp; &nbsp;&nbsp;Status Code (Zugriffsstatus\/http-Statuscode)<br>\u2013&nbsp; &nbsp;&nbsp;Size in Byte (jeweils \u00fcbertragene Datenmenge)<br>\u2013&nbsp; &nbsp;&nbsp;Referrer (vorher besuchte Seite)<br>\u2013&nbsp; &nbsp;&nbsp;User-Agent (genutzter Browser bzw. Betriebssystem)<br>\u2013&nbsp; &nbsp;&nbsp;Remote-User (nur im Fall eines Log-in-Verfahrens f\u00fcr einen speziellen Bereich)<br><\/p>\n\n\n\n<p>Rechtsgrundlage ist Art. 6 Abs. 1 S. 1 lit. f DSGVO: Die Speicherdauer dieser Daten betr\u00e4gt 7 Tage.<\/p>\n\n\n\n<p>2.3 PRESSEINFORMATIONEN<\/p>\n\n\n\n<p>Wir ver\u00f6ffentlichen auf der Webseite Artikel und Bilder, die wir an die Presse weitergeben.<\/p>\n\n\n\n<p>2.4 ONLINEPR\u00c4SENZ IN SOZIALEN MEDIEN<\/p>\n\n\n\n<p>Wir unterhalten aktuell ein Unternehmensprofil bei LinkedIn, um mit den dort aktiven Mitgliedsunternehmen, Interessenten und Nutzern kommunizieren und sie dort \u00fcber unsere Leistungen und Produkte informieren zu k\u00f6nnen.<\/p>\n\n\n\n<p>Die Informationen in diesen Datenschutzhinweisen beziehen sich auf die Verarbeitung Ihrer personenbezogenen Daten im Zusammenhang mit Ihrem Besuch unseres Unternehmensprofils auf LinkedIn, soweit diese durch uns erfolgen.<\/p>\n\n\n\n<p>Daneben erfolgt zum Teil eine Verarbeitung von personenbezogenen Daten in gemeinsamer Verantwortung mit LinkedIn Ireland Unlimited Company (im Folgenden: \u201eLinkedIn\u201c). N\u00e4here Informationen zur gemeinsamen Verantwortlichkeit und zu der Verarbeitung stellt Ihnen LinkedIn hier zur Verf\u00fcgung: <a href=\"https:\/\/www.linkedin.com\/legal\/privacy-policy?trk=homepage-basic_footer-privacy-policy\">https:\/\/www.linkedin.com\/legal\/privacy-policy?trk=homepage-basic_footer-privacy-policy<\/a> und <a href=\"https:\/\/legal.linkedin.com\/pages-joint-controller-addendum\">https:\/\/legal.linkedin.com\/pages-joint-controller-addendum<\/a>.<\/p>\n\n\n\n<p>Im Zusammenhang mit Ihrem Besuch unseres Unternehmensprofil verarbeitet LinkedIn m\u00f6glicherweise auch dar\u00fcber hinaus personenbezogene Daten. In diesem Fall erfolgt die Verarbeitung in alleiniger Verantwortung von LinkedIn und ohne unsere Kenntnis. N\u00e4here Informationen von LinkedIn hierzu finden Sie unter: <a href=\"https:\/\/www.linkedin.com\/legal\/privacy-policy?trk=homepage-basic_footer-privacy-policy\">https:\/\/www.linkedin.com\/legal\/privacy-policy?trk=homepage-basic_footer-privacy-policy<\/a>.<\/p>\n\n\n\n<p>Wir verarbeiten Ihre personenbezogenen Daten im Rahmen unseres LinkedIn-Unternehmensprofils zu folgenden Zwecken:&nbsp;<\/p>\n\n\n\n<p>a) Kontaktaufnahme und Interaktion&nbsp;<\/p>\n\n\n\n<p>Wir verarbeiten Ihre personenbezogenen Daten, wenn Sie \u00fcber unser Unternehmensprofil mit uns in Verbindung treten, indem Sie die hierf\u00fcr bereitgestellten Funktionen nutzen (z. B. Folgen, Nachrichten, Kommentarfunktion, Beitr\u00e4ge, \u201eGef\u00e4llt-mir-Button\u201c, Weiterleitung\/Teilen) oder die von uns bereitgestellten Inhalte abrufen.&nbsp;<\/p>\n\n\n\n<p>Wenn Sie auf diese Weise mit uns in Verbindung treten, verarbeiten wir Ihre hierbei unmittelbar einsehbaren personenbezogenen Daten (in der Regel: Nutzername, Profilbild, Nachrichteninhalte ggfs. einschlie\u00dflich darin enthaltener Fotos, Datum und Uhrzeit der Interaktion) zur Beantwortung Ihrer Kontaktaufnahme. Wir verarbeiten personenbezogenen Daten von Ihnen auch zur Au\u00dfendarstellung der Firma sowie zur Information \u00fcber und Optimierung unserer Produkte und Projekte.<\/p>\n\n\n\n<p>Rechtsgrundlage f\u00fcr die Verarbeitung ist Artikel 6 Absatz 1 Buchstabe f) DSGVO. Das von uns verfolgte berechtigte Interesse liegt in der Kontaktaufnahme mit (potenziellen) Vertragspartnern, Interessenten und Bewerbern, der Au\u00dfendarstellung, sowie darin, Sie \u00fcber unsere Produkte und Projekte zu informieren.&nbsp;<\/p>\n\n\n\n<p>Rechtsgrundlage f\u00fcr die Verarbeitung Ihrer personenbezogenen Daten ist Artikel 6 Absatz 1 Buchstabe b) DSGVO, sofern Ihre Kontaktaufnahme \u00fcber LinkedIn zwecks Abschlusses oder Durchf\u00fchrung eines Vertrages mit uns erfolgen sollte.&nbsp;<\/p>\n\n\n\n<p>Die Verarbeitung erfolgt insoweit in gemeinsamer Verantwortung mit LinkedIn gem\u00e4\u00df Artikel 26 DSGVO. Das Wesentliche der Vereinbarung f\u00fcr gemeinsam f\u00fcr die Verarbeitung Verantwortliche stellt Ihnen LinkedIn hier zur Verf\u00fcgung: <a href=\"https:\/\/legal.linkedin.com\/pages-joint-controller-addendum.&nbsp;\">https:\/\/legal.linkedin.com\/pages-joint-controller-addendum.&amp;nbsp<\/a>;<\/p>\n\n\n\n<p>Wir verarbeiten Ihre personenbezogenen Daten grunds\u00e4tzlich nur in Deutschland und in der Europ\u00e4ischen Union.&nbsp;<\/p>\n\n\n\n<p>LinkedIn \u00fcbermittelt personenbezogene Daten auch in L\u00e4nder au\u00dferhalb der EU und des Europ\u00e4ischen Wirtschaftsraums (&#8222;Drittl\u00e4nder&#8220;). N\u00e4heres ergibt sich aus deren Datenschutzhinweisen (<a href=\"https:\/\/www.linkedin.com\/legal\/privacy-policy?trk=homepage-basic_footer-privacy-policy\">https:\/\/www.linkedin.com\/legal\/privacy-policy?trk=homepage-basic_footer-privacy-policy<\/a>).<\/p>\n\n\n\n<p>Aus vorgenannten Gr\u00fcnden gespeicherte Daten l\u00f6schen wir, wenn sie f\u00fcr die von uns verfolgten Zwecke nicht mehr erforderlich sind und keine anderweitigen Rechtsgrundlagen, insbesondere gesetzliche oder vertragliche Aufbewahrungsfristen, eingreifen. Wenn Sie \u00fcber bereitgestellte Funktionen mit uns in Verbindung treten (z. B. Kommentarfunktion), verarbeiten wir Ihre Daten h\u00f6chstens, solange sie f\u00fcr uns einsehbar sind. Die Einsehbarkeit k\u00f6nnen Sie selbst bestimmen, indem Sie Ihre jeweiligen Daten entfernen, z. B., indem Sie Ihren Kommentar auf unserer LinkedIn-Seite oder Ihre Bewertung l\u00f6schen.<\/p>\n\n\n\n<p>3. EXTERNES HOSTING<\/p>\n\n\n\n<p>Diese Website wird bei einem externen Dienstleister gehostet (Hoster). Die personenbezogenen Daten, die auf dieser Website erfasst werden, werden auf den Servern des Hosters ausschlie\u00dflich in Deutschland gespeichert. Wir haben mit dem Betreiber einen Auftragsverarbeitungsvertrag nach Art. 28 DSGVO abgeschlossen.<\/p>\n\n\n\n<p>Der Einsatz des Hosters erfolgt zum Zwecke der Vertragserf\u00fcllung gegen\u00fcber unseren potenziellen und bestehenden Gesch\u00e4ftspartnern (Art. 6 Abs. 1 lit. b DSGVO) und im Interesse einer sicheren, schnellen und effizienten Bereitstellung unserer Informationen und Leistungsangebots durch einen professionellen Anbieter (Art. 6 Abs. 1 lit. f DSGVO).<\/p>\n\n\n\n<p>Unser Hoster wird Ihre Daten nur insoweit verarbeiten, wie dies zur Erf\u00fcllung seiner Leistungspflichten erforderlich ist und unsere Weisungen in Bezug auf diese Daten befolgen.<\/p>\n\n\n\n<p>Wir setzen folgenden Hoster ein:<\/p>\n\n\n\n<p>ALL-INKL.COM \u2013 Neue Medien M\u00fcnnich<br>Inhaber: Ren\u00e9 M\u00fcnnich<br>Hauptstra\u00dfe 68 | D-02742 Friedersdorf<\/p>\n\n\n\n<p>4. DATENSICHERHEIT<\/p>\n\n\n\n<p>Diese Seite nutzt aus Sicherheitsgr\u00fcnden und zum Schutz der \u00dcbertragung vertraulicher Inhalte, die Sie an uns als Seitenbetreiber senden, eine SSL- bzw. TLS-Verschl\u00fcsselung. Eine verschl\u00fcsselte Verbindung erkennen Sie daran, dass die Adresszeile des Browsers von \u201ehttp:\/\/\u201c auf \u201ehttps:\/\/\u201c wechselt und an dem Schloss-Symbol in Ihrer Browserzeile.<\/p>\n\n\n\n<p>Wenn die SSL- bzw. TLS-Verschl\u00fcsselung aktiviert ist, k\u00f6nnen die Daten, die Sie an uns \u00fcbermitteln, nicht von Dritten mitgelesen werden.<\/p>\n\n\n\n<p>5. WEITERGABE PERSONENBEZOGENER DATEN AN DRITTE\/EMPF\u00c4NGER<\/p>\n\n\n\n<p>Wir behandeln Ihre personenbezogenen Daten streng vertraulich. Sie werden nur an Dritte bzw. Empf\u00e4nger \u00fcbermittelt, wenn<\/p>\n\n\n\n<p>\u2013&nbsp; &nbsp;&nbsp;Sie nach Art. 6 Abs. 1 Satz 1 Buchst. a) DSGVO ausdr\u00fccklich dazu eingewilligt haben,<\/p>\n\n\n\n<p>\u2013&nbsp; &nbsp;&nbsp;die Weitergabe nach Art. 6 Abs. 1 Satz 1 Buchst. f) DSGVO zur Wahrung der berechtigten Interessen des Verantwortlichen oder eines Dritten erforderlich ist und kein Grund zur Annahme besteht, dass Sie ein \u00fcberwiegendes schutzw\u00fcrdiges Interesse an der Nichtweitergabe ihrer Daten haben,<\/p>\n\n\n\n<p>\u2013&nbsp; &nbsp;&nbsp;f\u00fcr die Daten\u00fcbermittlung nach Art. 6 Abs. 1 Satz 1 Buchst. c) DSGVO eine gesetzliche Verpflichtung besteht, und\/oder<\/p>\n\n\n\n<p>\u2013&nbsp; &nbsp;&nbsp;dies nach Art. 6 Abs. 1 Satz 1 Buchst. b) DSGVO f\u00fcr die Erf\u00fcllung eines Vertragsverh\u00e4ltnisses mit Ihnen erforderlich ist.<\/p>\n\n\n\n<p>6. COOKIES<\/p>\n\n\n\n<p>Auf unserer Website werden keine Cookies gesetzt.<\/p>\n\n\n\n<p>7. \u00c4NDERUNGEN DIESER DATENSCHUTZBESTIMMUNGEN<\/p>\n\n\n\n<p>Wir behalten uns das Recht vor, diese Datenschutzbestimmungen jederzeit mit Wirkung f\u00fcr die Zukunft zu \u00e4ndern. Eine jeweils aktuelle Version ist auf der Website verf\u00fcgbar. Bitte suchen Sie die Website regelm\u00e4\u00dfig auf und informieren Sie sich \u00fcber die geltenden Datenschutzbestimmungen.<\/p>\n\n\n\n<p>8. IHRE RECHTE<\/p>\n\n\n\n<p>\u2013&nbsp; &nbsp;&nbsp;Sie haben das Recht, jederzeit Auskunft \u00fcber die zu Ihrer Person gespeicherten Daten zu erhalten. Bei Vorliegen der jeweiligen Voraussetzungen stehen Ihnen ebenso die folgenden Rechte zu:<\/p>\n\n\n\n<p>\u2013&nbsp; &nbsp;&nbsp;Recht auf Berichtigung: Ihnen steht ein Recht auf Berichtigung von falschen, Sie betreffenden personenbezogenen Daten zu.<\/p>\n\n\n\n<p>\u2013&nbsp; &nbsp;&nbsp;Recht auf L\u00f6schung: Zudem k\u00f6nnen Sie die L\u00f6schung von Ihren personenbezogenen Daten verlangen, etwa wenn Ihre Daten f\u00fcr die Zwecke, f\u00fcr die sie erhoben oder auf sonstige Weise verarbeitet wurden, nicht mehr erforderlich sind.<\/p>\n\n\n\n<p>\u2013&nbsp; &nbsp;&nbsp;Recht auf Einschr\u00e4nkung der Verarbeitung: Sie haben ferner das Recht, die Einschr\u00e4nkung der Verarbeitung von Ihren personenbezogenen Daten zu verlangen; in einem solchen Fall werden die Daten f\u00fcr jegliche Verarbeitung gesperrt. Dieses Recht besteht insbesondere, wenn die Richtigkeit der personenbezogenen Daten zwischen Ihnen und uns umstritten ist.<\/p>\n\n\n\n<p>\u2013&nbsp; &nbsp;&nbsp;Recht auf Daten\u00fcbertragbarkeit: Sofern wir Ihre personenbezogenen Daten zur Erf\u00fcllung eines Vertrags mit Ihnen oder auf Grundlage Ihrer Einwilligung verarbeiten, steht Ihnen zudem das Recht zu, Ihre personenbezogenen Daten in einem strukturierten, g\u00e4ngigen und maschinenlesbaren Format zu erhalten, sofern und soweit Sie uns die Daten zur Verf\u00fcgung gestellt haben.<\/p>\n\n\n\n<p>\u2013&nbsp; &nbsp;&nbsp;Recht auf Widerruf einer Einwilligung: Sofern Sie uns eine Einwilligung zur Verarbeitung Ihrer personenbezogenen Daten erteilt haben, k\u00f6nnen Sie diese jederzeit widerrufen. Durch den Widerruf der Einwilligung wird die Rechtm\u00e4\u00dfigkeit der aufgrund der Einwilligung bis zum Widerruf erfolgten Verarbeitung nicht ber\u00fchrt.<\/p>\n\n\n\n<p>\u2013&nbsp; &nbsp;&nbsp;Recht auf Widerspruch:<\/p>\n\n\n\n<p>Soweit die Verarbeitung Ihrer personenbezogenen Daten nach Art. 6 Abs 1 lit. f DSGVO zur Wahrung berechtigter Interessen erfolgt, haben Sie gem\u00e4\u00df Art. 21 Abs. 1 DSGVO das Recht, aus Gr\u00fcnden, die sich aus Ihrer besonderen Situation ergeben, jederzeit Widerspruch gegen die Verarbeitung dieser Daten einzulegen. Wir verarbeiten diese personenbezogenen Daten dann nicht mehr, es sei denn, wir k\u00f6nnen zwingende schutzw\u00fcrdige Gr\u00fcnde f\u00fcr die Verarbeitung nachweisen. Diese m\u00fcssen Ihre Interessen, Rechte und Freiheiten \u00fcberwiegen, oder die Verarbeitung muss der Geltendmachung, Aus\u00fcbung oder Verteidigung von Rechtsanspr\u00fcchen dienen.<\/p>\n\n\n\n<p>Werden Ihre personenbezogenen Daten verarbeitet, um Direktwerbung zu betreiben, so haben Sie das Recht, jederzeit Widerspruch gegen die Verarbeitung Sie betreffender personenbezogener Daten zum Zwecke derartiger Werbung einzulegen; dies gilt auch f\u00fcr das Profiling, soweit es mit solcher Direktwerbung in Verbindung steht. Wenn Sie widersprechen, werden Ihre personenbezogenen Daten anschlie\u00dfend nicht mehr zum Zwecke der Direktwerbung verwendet. (Art. 21 Abs. 2 DSGVO)<\/p>\n\n\n\n<p>\u2013&nbsp; &nbsp;&nbsp;Sollten Sie Auskunft \u00fcber die zu Ihrer Person gespeicherten Daten w\u00fcnschen oder Ihre anderweitigen Rechte geltend machen wollen, k\u00f6nnen Sie uns unter der E-Mailadresse <a href=\"mailto:schneider@ume-mg.de\">schneider@ume-mg.de<\/a> kontaktieren. Bei allgemeinen Fragen zum Datenschutz k\u00f6nnen Sie sich unter den obengenannten Kontaktdaten mit uns in Verbindung setzen.<\/p>\n\n\n\n<p>\u2013&nbsp; &nbsp;&nbsp;Sie haben ferner das Recht, jederzeit Beschwerde bei einer Aufsichtsbeh\u00f6rde einzulegen, insbesondere bei einer Aufsichtsbeh\u00f6rde in dem Mitgliedstaat Ihres Aufenthaltsorts, Ihres Arbeitsplatzes oder des Orts des mutma\u00dflichen Versto\u00dfes, wenn Sie der Ansicht sind, dass die Verarbeitung der Sie betreffenden personenbezogenen Daten gegen datenschutzrechtliche Bestimmungen verst\u00f6\u00dft.&nbsp;<\/p>\n\n\n\n<p>Stand der Datenschutzerkl\u00e4rung: M\u00e4rz 2023<\/p>\n","protected":false},"excerpt":{"rendered":"<p>DATENSCHUTZERKL\u00c4RUNG ONLINEPR\u00c4SENZ Information zum Datenschutz \u00fcber unsere Verarbeitung von Daten nach Art. 13, 14 und 21 der Datenschutz-Grundverordnung (DSGVO) 1. ALLGEMEINE HINWEISE UND VERANTWORTLICHE STELLE: Der Schutz Ihrer Privatsph\u00e4re und Ihrer privaten Daten ist uns ein gro\u00dfes Anliegen. Wir erheben, &hellip; <a href=\"https:\/\/www.ume-mg.de\/?page_id=1659\">Weiterlesen <span class=\"meta-nav\">&rarr;<\/span><\/a><\/p>\n","protected":false},"author":1,"featured_media":0,"parent":0,"menu_order":0,"comment_status":"closed","ping_status":"closed","template":"","meta":{"footnotes":""},"class_list":["post-1659","page","type-page","status-publish","hentry"],"_links":{"self":[{"href":"https:\/\/www.ume-mg.de\/index.php?rest_route=\/wp\/v2\/pages\/1659","targetHints":{"allow":["GET"]}}],"collection":[{"href":"https:\/\/www.ume-mg.de\/index.php?rest_route=\/wp\/v2\/pages"}],"about":[{"href":"https:\/\/www.ume-mg.de\/index.php?rest_route=\/wp\/v2\/types\/page"}],"author":[{"embeddable":true,"href":"https:\/\/www.ume-mg.de\/index.php?rest_route=\/wp\/v2\/users\/1"}],"replies":[{"embeddable":true,"href":"https:\/\/www.ume-mg.de\/index.php?rest_route=%2Fwp%2Fv2%2Fcomments&post=1659"}],"version-history":[{"count":6,"href":"https:\/\/www.ume-mg.de\/index.php?rest_route=\/wp\/v2\/pages\/1659\/revisions"}],"predecessor-version":[{"id":1668,"href":"https:\/\/www.ume-mg.de\/index.php?rest_route=\/wp\/v2\/pages\/1659\/revisions\/1668"}],"wp:attachment":[{"href":"https:\/\/www.ume-mg.de\/index.php?rest_route=%2Fwp%2Fv2%2Fmedia&parent=1659"}],"curies":[{"name":"wp","href":"https:\/\/api.w.org\/{rel}","templated":true}]}}